{"id":187,"date":"2021-01-20T16:25:11","date_gmt":"2021-01-20T19:25:11","guid":{"rendered":"http:\/\/situmcapital.com\/?page_id=187"},"modified":"2021-03-24T06:17:19","modified_gmt":"2021-03-24T09:17:19","slug":"portabilidade","status":"publish","type":"page","link":"https:\/\/situmcapital.com\/index.php\/portabilidade\/","title":{"rendered":"Portabilidade"},"content":{"rendered":"\t\t<div data-elementor-type=\"wp-page\" data-elementor-id=\"187\" class=\"elementor elementor-187\" data-elementor-settings=\"[]\">\n\t\t\t\t\t\t<div class=\"elementor-inner\">\n\t\t\t\t\t\t\t<div class=\"elementor-section-wrap\">\n\t\t\t\t\t\t\t<section class=\"elementor-section elementor-top-section elementor-element elementor-element-3b80b8de elementor-section-boxed elementor-section-height-default elementor-section-height-default\" data-id=\"3b80b8de\" data-element_type=\"section\" data-settings=\"{&quot;background_background&quot;:&quot;classic&quot;}\">\n\t\t\t\t\t\t<div class=\"elementor-container elementor-column-gap-default\">\n\t\t\t\t\t\t\t<div class=\"elementor-row\">\n\t\t\t\t\t<div class=\"elementor-column elementor-col-100 elementor-top-column elementor-element elementor-element-5a9fe72d\" data-id=\"5a9fe72d\" data-element_type=\"column\">\n\t\t\t<div class=\"elementor-column-wrap elementor-element-populated\">\n\t\t\t\t\t\t\t<div class=\"elementor-widget-wrap\">\n\t\t\t\t\t\t<div class=\"elementor-element elementor-element-750c6d58 elementor-widget elementor-widget-spacer\" data-id=\"750c6d58\" data-element_type=\"widget\" data-settings=\"{&quot;ekit_we_effect_on&quot;:&quot;none&quot;}\" data-widget_type=\"spacer.default\">\n\t\t\t\t<div class=\"elementor-widget-container\">\n\t\t\t\t\t<div class=\"elementor-spacer\">\n\t\t\t<div class=\"elementor-spacer-inner\"><\/div>\n\t\t<\/div>\n\t\t\t\t<\/div>\n\t\t\t\t<\/div>\n\t\t\t\t<div class=\"elementor-element elementor-element-7485b754 elementor-widget elementor-widget-text-editor\" data-id=\"7485b754\" data-element_type=\"widget\" data-settings=\"{&quot;ekit_we_effect_on&quot;:&quot;none&quot;}\" data-widget_type=\"text-editor.default\">\n\t\t\t\t<div class=\"elementor-widget-container\">\n\t\t\t\t\t<div class=\"elementor-text-editor elementor-clearfix\"><p><span style=\"color: #b69757;\">Portabilidade<\/span><\/p><\/div>\n\t\t\t\t<\/div>\n\t\t\t\t<\/div>\n\t\t\t\t<div class=\"elementor-element elementor-element-2d00e13b elementor-widget elementor-widget-spacer\" data-id=\"2d00e13b\" data-element_type=\"widget\" data-settings=\"{&quot;ekit_we_effect_on&quot;:&quot;none&quot;}\" data-widget_type=\"spacer.default\">\n\t\t\t\t<div class=\"elementor-widget-container\">\n\t\t\t\t\t<div class=\"elementor-spacer\">\n\t\t\t<div class=\"elementor-spacer-inner\"><\/div>\n\t\t<\/div>\n\t\t\t\t<\/div>\n\t\t\t\t<\/div>\n\t\t\t\t\t\t<\/div>\n\t\t\t\t\t<\/div>\n\t\t<\/div>\n\t\t\t\t\t\t\t\t<\/div>\n\t\t\t\t\t<\/div>\n\t\t<\/section>\n\t\t\t\t<section class=\"elementor-section elementor-top-section elementor-element elementor-element-6ab8536b elementor-section-boxed elementor-section-height-default elementor-section-height-default\" data-id=\"6ab8536b\" data-element_type=\"section\">\n\t\t\t\t\t\t<div class=\"elementor-container elementor-column-gap-default\">\n\t\t\t\t\t\t\t<div class=\"elementor-row\">\n\t\t\t\t\t<div class=\"elementor-column elementor-col-100 elementor-top-column elementor-element elementor-element-747107b8\" data-id=\"747107b8\" data-element_type=\"column\">\n\t\t\t<div class=\"elementor-column-wrap elementor-element-populated\">\n\t\t\t\t\t\t\t<div class=\"elementor-widget-wrap\">\n\t\t\t\t\t\t<div class=\"elementor-element elementor-element-3cda8f7f elementor-widget elementor-widget-spacer\" data-id=\"3cda8f7f\" data-element_type=\"widget\" data-settings=\"{&quot;ekit_we_effect_on&quot;:&quot;none&quot;}\" data-widget_type=\"spacer.default\">\n\t\t\t\t<div class=\"elementor-widget-container\">\n\t\t\t\t\t<div class=\"elementor-spacer\">\n\t\t\t<div class=\"elementor-spacer-inner\"><\/div>\n\t\t<\/div>\n\t\t\t\t<\/div>\n\t\t\t\t<\/div>\n\t\t\t\t<div class=\"elementor-element elementor-element-35b59d92 elementor-widget elementor-widget-text-editor\" data-id=\"35b59d92\" data-element_type=\"widget\" data-settings=\"{&quot;ekit_we_effect_on&quot;:&quot;none&quot;}\" data-widget_type=\"text-editor.default\">\n\t\t\t\t<div class=\"elementor-widget-container\">\n\t\t\t\t\t<div class=\"elementor-text-editor elementor-clearfix\"><p><strong>Portabilidade: como funciona?<\/strong><\/p><p>Sabemos que \u00e9 mais pr\u00e1tico colocar todos os investimentos na mesma plataforma, afinal, ajuda na gest\u00e3o de ativos e no relacionamento com os corretores.<\/p><p>Tendo esse objetivo em mente, saiba que mesmo que seus ativos ainda estejam sob a cust\u00f3dia de outros bancos e corretoras, voc\u00ea pode transplant\u00e1-los para c\u00e1 sem quaisquer custos ou dificuldades operacionais. O processo come\u00e7a com a verifica\u00e7\u00e3o do cadastro na plataforma. Se ainda n\u00e3o o fez, clique <a href=\"https:\/\/investindobem.com\/app\/#\/signup?referralId=3tdClQ&amp;brandName=Situm%20Capital%20Planejamento%20Financeiro&amp;isAffiliate=true\"><span style=\"color: #333399;\"><strong><span style=\"text-decoration: underline;\">AQUI<\/span><\/strong><\/span><\/a> para abrir uma conta.<\/p><p>Ap\u00f3s a finaliza\u00e7\u00e3o do cadastro, voc\u00ea far\u00e1 uma solicita\u00e7\u00e3o, e n\u00f3s completaremos seu STVM (Solicita\u00e7\u00e3o de Transfer\u00eancia de Valores Mobili\u00e1rios) e\/ou CF (Carta de Portabilidade de Fundos) de acordo com o produto que deseja transferir. S\u00e3o documentos que orientam todos os processos necess\u00e1rios.<\/p><hr \/><p><strong>Se voc\u00ea est\u00e1 se perguntando, aqui est\u00e1 uma lista de ativos que podem ser inclu\u00eddos na portabilidade:<\/strong><\/p><p>&#8211; Fundos de investimento;<br \/>&#8211; Renda fixa (CDB, LCI, LCA, DPGE, entre outros);<br \/>&#8211; Renda vari\u00e1vel (a\u00e7\u00f5es, FII\u2019s, ETF\u2019s e BDR\u2019s);<br \/>&#8211; Tesouro Direto (Selic, IPCA, etc.);<br \/>&#8211; COE;<br \/>&#8211; OTA (Ordem de Transfer\u00eancia de A\u00e7\u00f5es Escriturais);<br \/>&#8211; Previd\u00eancia privada.<\/p><hr \/><p>A regra de custo zero se aplica a todas essas categorias, no entanto, os termos podem variar dependendo do produto e da organiza\u00e7\u00e3o envolvida. A portabilidade das a\u00e7\u00f5es normalmente leva 2 dias \u00fateis, enquanto a portabilidade dos fundos de investimento pode ser prorrogada em at\u00e9 15 dias \u00fateis.<\/p><p>Depois de voc\u00ea, investidor(a), assinar a carta, o pr\u00f3ximo passo \u00e9 envi\u00e1-la junto com o documento de identifica\u00e7\u00e3o com foto para o originador (a corretora da qual voc\u00ea deseja retirar ativos).<\/p><p>Como cada plataforma tem seu pr\u00f3prio processo, o envio pode ser feito de v\u00e1rias maneiras diferentes, mas n\u00e3o se preocupe, nossa equipe ir\u00e1 inform\u00e1-lo desses detalhes durante o servi\u00e7o.<\/p><p>Depois de enviar a carta assinada, seu trabalho est\u00e1 pronto! Agora a corretora autorizada realizar\u00e1 o processo de transfer\u00eancia de cust\u00f3dia e iremos identificar seus ativos na plataforma.<\/p><p><strong>Tem mais d\u00favidas? Entre em <a href=\"http:\/\/situmcapital.com\/index.php\/contato\/\"><span style=\"text-decoration: underline; color: #333399;\">CONTATO<\/span><\/a> com a gente.<\/strong><\/p><\/div>\n\t\t\t\t<\/div>\n\t\t\t\t<\/div>\n\t\t\t\t<div class=\"elementor-element elementor-element-4bface03 elementor-widget elementor-widget-spacer\" data-id=\"4bface03\" data-element_type=\"widget\" data-settings=\"{&quot;ekit_we_effect_on&quot;:&quot;none&quot;}\" data-widget_type=\"spacer.default\">\n\t\t\t\t<div class=\"elementor-widget-container\">\n\t\t\t\t\t<div class=\"elementor-spacer\">\n\t\t\t<div class=\"elementor-spacer-inner\"><\/div>\n\t\t<\/div>\n\t\t\t\t<\/div>\n\t\t\t\t<\/div>\n\t\t\t\t\t\t<\/div>\n\t\t\t\t\t<\/div>\n\t\t<\/div>\n\t\t\t\t\t\t\t\t<\/div>\n\t\t\t\t\t<\/div>\n\t\t<\/section>\n\t\t\t\t<section class=\"elementor-section elementor-top-section elementor-element elementor-element-7873f148 elementor-section-boxed elementor-section-height-default elementor-section-height-default\" data-id=\"7873f148\" data-element_type=\"section\" data-settings=\"{&quot;background_background&quot;:&quot;classic&quot;}\">\n\t\t\t\t\t\t<div class=\"elementor-container elementor-column-gap-default\">\n\t\t\t\t\t\t\t<div class=\"elementor-row\">\n\t\t\t\t\t<div class=\"elementor-column elementor-col-33 elementor-top-column elementor-element elementor-element-1660270f\" data-id=\"1660270f\" data-element_type=\"column\">\n\t\t\t<div class=\"elementor-column-wrap elementor-element-populated\">\n\t\t\t\t\t\t\t<div class=\"elementor-widget-wrap\">\n\t\t\t\t\t\t<div class=\"elementor-element elementor-element-12ca8bf1 elementor-widget elementor-widget-spacer\" data-id=\"12ca8bf1\" data-element_type=\"widget\" data-settings=\"{&quot;ekit_we_effect_on&quot;:&quot;none&quot;}\" data-widget_type=\"spacer.default\">\n\t\t\t\t<div class=\"elementor-widget-container\">\n\t\t\t\t\t<div class=\"elementor-spacer\">\n\t\t\t<div class=\"elementor-spacer-inner\"><\/div>\n\t\t<\/div>\n\t\t\t\t<\/div>\n\t\t\t\t<\/div>\n\t\t\t\t<div class=\"elementor-element elementor-element-37720c52 elementor-widget elementor-widget-image\" data-id=\"37720c52\" data-element_type=\"widget\" data-settings=\"{&quot;ekit_we_effect_on&quot;:&quot;none&quot;}\" data-widget_type=\"image.default\">\n\t\t\t\t<div class=\"elementor-widget-container\">\n\t\t\t\t\t<div class=\"elementor-image\">\n\t\t\t\t\t\t\t\t\t\t<img width=\"1024\" height=\"714\" src=\"https:\/\/situmcapital.com\/wp-content\/uploads\/2021\/01\/Logo-Situm-3-1-1024x714.png\" class=\"attachment-large size-large\" alt=\"\" loading=\"lazy\" srcset=\"https:\/\/situmcapital.com\/wp-content\/uploads\/2021\/01\/Logo-Situm-3-1-1024x714.png 1024w, https:\/\/situmcapital.com\/wp-content\/uploads\/2021\/01\/Logo-Situm-3-1-300x209.png 300w, https:\/\/situmcapital.com\/wp-content\/uploads\/2021\/01\/Logo-Situm-3-1-768x535.png 768w, https:\/\/situmcapital.com\/wp-content\/uploads\/2021\/01\/Logo-Situm-3-1.png 1080w\" sizes=\"(max-width: 1024px) 100vw, 1024px\" \/>\t\t\t\t\t\t\t\t\t\t\t<\/div>\n\t\t\t\t<\/div>\n\t\t\t\t<\/div>\n\t\t\t\t<div class=\"elementor-element elementor-element-6d18bf55 elementor-shape-circle elementor-grid-0 elementor-widget elementor-widget-social-icons\" data-id=\"6d18bf55\" data-element_type=\"widget\" data-settings=\"{&quot;ekit_we_effect_on&quot;:&quot;none&quot;}\" data-widget_type=\"social-icons.default\">\n\t\t\t\t<div class=\"elementor-widget-container\">\n\t\t\t\t\t<div class=\"elementor-social-icons-wrapper elementor-grid\">\n\t\t\t\t\t\t\t<div class=\"elementor-grid-item\">\n\t\t\t\t\t<a class=\"elementor-icon elementor-social-icon elementor-social-icon-icon-instagram-1 elementor-repeater-item-515106e\" href=\"https:\/\/www.instagram.com\/situmcapital\/\" target=\"_blank\">\n\t\t\t\t\t\t<span class=\"elementor-screen-only\">Icon-instagram-1<\/span>\n\t\t\t\t\t\t<i class=\"icon icon-instagram-1\"><\/i>\t\t\t\t\t<\/a>\n\t\t\t\t<\/div>\n\t\t\t\t\t\t\t<div class=\"elementor-grid-item\">\n\t\t\t\t\t<a class=\"elementor-icon elementor-social-icon elementor-social-icon-facebook elementor-repeater-item-7f7e834\" href=\"https:\/\/www.facebook.com\/situmcapital\" target=\"_blank\">\n\t\t\t\t\t\t<span class=\"elementor-screen-only\">Facebook<\/span>\n\t\t\t\t\t\t<i class=\"fab fa-facebook\"><\/i>\t\t\t\t\t<\/a>\n\t\t\t\t<\/div>\n\t\t\t\t\t\t\t<div class=\"elementor-grid-item\">\n\t\t\t\t\t<a class=\"elementor-icon elementor-social-icon elementor-social-icon-twitter elementor-repeater-item-0a818e3\" href=\"https:\/\/twitter.com\/situmcapital\" target=\"_blank\">\n\t\t\t\t\t\t<span class=\"elementor-screen-only\">Twitter<\/span>\n\t\t\t\t\t\t<i class=\"fab fa-twitter\"><\/i>\t\t\t\t\t<\/a>\n\t\t\t\t<\/div>\n\t\t\t\t\t\t\t<div class=\"elementor-grid-item\">\n\t\t\t\t\t<a class=\"elementor-icon elementor-social-icon elementor-social-icon-youtube elementor-repeater-item-7852761\" href=\"https:\/\/www.youtube.com\/channel\/UCiJDa-cgWoSzuuu9N6apX8g\" target=\"_blank\">\n\t\t\t\t\t\t<span class=\"elementor-screen-only\">Youtube<\/span>\n\t\t\t\t\t\t<i class=\"fab fa-youtube\"><\/i>\t\t\t\t\t<\/a>\n\t\t\t\t<\/div>\n\t\t\t\t\t<\/div>\n\t\t\t\t<\/div>\n\t\t\t\t<\/div>\n\t\t\t\t<div class=\"elementor-element elementor-element-75808bb3 elementor-widget elementor-widget-spacer\" data-id=\"75808bb3\" data-element_type=\"widget\" data-settings=\"{&quot;ekit_we_effect_on&quot;:&quot;none&quot;}\" data-widget_type=\"spacer.default\">\n\t\t\t\t<div class=\"elementor-widget-container\">\n\t\t\t\t\t<div class=\"elementor-spacer\">\n\t\t\t<div class=\"elementor-spacer-inner\"><\/div>\n\t\t<\/div>\n\t\t\t\t<\/div>\n\t\t\t\t<\/div>\n\t\t\t\t\t\t<\/div>\n\t\t\t\t\t<\/div>\n\t\t<\/div>\n\t\t\t\t<div class=\"elementor-column elementor-col-33 elementor-top-column elementor-element elementor-element-5c8b4582\" data-id=\"5c8b4582\" data-element_type=\"column\">\n\t\t\t<div class=\"elementor-column-wrap elementor-element-populated\">\n\t\t\t\t\t\t\t<div class=\"elementor-widget-wrap\">\n\t\t\t\t\t\t<div class=\"elementor-element elementor-element-4d0436dc elementor-widget elementor-widget-spacer\" data-id=\"4d0436dc\" data-element_type=\"widget\" data-settings=\"{&quot;ekit_we_effect_on&quot;:&quot;none&quot;}\" data-widget_type=\"spacer.default\">\n\t\t\t\t<div class=\"elementor-widget-container\">\n\t\t\t\t\t<div class=\"elementor-spacer\">\n\t\t\t<div class=\"elementor-spacer-inner\"><\/div>\n\t\t<\/div>\n\t\t\t\t<\/div>\n\t\t\t\t<\/div>\n\t\t\t\t<div class=\"elementor-element elementor-element-6e05c8b8 elementor-widget elementor-widget-text-editor\" data-id=\"6e05c8b8\" data-element_type=\"widget\" data-settings=\"{&quot;ekit_we_effect_on&quot;:&quot;none&quot;}\" data-widget_type=\"text-editor.default\">\n\t\t\t\t<div class=\"elementor-widget-container\">\n\t\t\t\t\t<div class=\"elementor-text-editor elementor-clearfix\"><p>Institucional<\/p><\/div>\n\t\t\t\t<\/div>\n\t\t\t\t<\/div>\n\t\t\t\t<div class=\"elementor-element elementor-element-723980b7 elementor-widget elementor-widget-text-editor\" data-id=\"723980b7\" data-element_type=\"widget\" data-settings=\"{&quot;ekit_we_effect_on&quot;:&quot;none&quot;}\" data-widget_type=\"text-editor.default\">\n\t\t\t\t<div class=\"elementor-widget-container\">\n\t\t\t\t\t<div class=\"elementor-text-editor elementor-clearfix\"><p><a href=\"http:\/\/situmcapital.com\/#comofunciona\">Como funciona<\/a><br \/><a href=\"http:\/\/situmcapital.com\/#custos\">Custos<\/a><br \/><a href=\"http:\/\/situmcapital.com\/#portabilidade\">Portabilidade<\/a><br \/><a href=\"http:\/\/situmcapital.com\/index.php\/contato\/\">Contato<\/a><br \/><a href=\"http:\/\/situmcapital.com\/index.php\/blog\/\">Blog<\/a><\/p><\/div>\n\t\t\t\t<\/div>\n\t\t\t\t<\/div>\n\t\t\t\t\t\t<\/div>\n\t\t\t\t\t<\/div>\n\t\t<\/div>\n\t\t\t\t<div class=\"elementor-column elementor-col-33 elementor-top-column elementor-element elementor-element-96407f3\" data-id=\"96407f3\" data-element_type=\"column\">\n\t\t\t<div class=\"elementor-column-wrap elementor-element-populated\">\n\t\t\t\t\t\t\t<div class=\"elementor-widget-wrap\">\n\t\t\t\t\t\t<div class=\"elementor-element elementor-element-475fbc42 elementor-widget elementor-widget-spacer\" data-id=\"475fbc42\" data-element_type=\"widget\" data-settings=\"{&quot;ekit_we_effect_on&quot;:&quot;none&quot;}\" data-widget_type=\"spacer.default\">\n\t\t\t\t<div class=\"elementor-widget-container\">\n\t\t\t\t\t<div class=\"elementor-spacer\">\n\t\t\t<div class=\"elementor-spacer-inner\"><\/div>\n\t\t<\/div>\n\t\t\t\t<\/div>\n\t\t\t\t<\/div>\n\t\t\t\t<div class=\"elementor-element elementor-element-35197b56 elementor-widget elementor-widget-text-editor\" data-id=\"35197b56\" data-element_type=\"widget\" data-settings=\"{&quot;ekit_we_effect_on&quot;:&quot;none&quot;}\" data-widget_type=\"text-editor.default\">\n\t\t\t\t<div class=\"elementor-widget-container\">\n\t\t\t\t\t<div class=\"elementor-text-editor elementor-clearfix\"><p>Contato<\/p><\/div>\n\t\t\t\t<\/div>\n\t\t\t\t<\/div>\n\t\t\t\t<div class=\"elementor-element elementor-element-56527598 elementor-position-left elementor-view-default elementor-vertical-align-top elementor-widget elementor-widget-icon-box\" data-id=\"56527598\" data-element_type=\"widget\" data-settings=\"{&quot;ekit_we_effect_on&quot;:&quot;none&quot;}\" data-widget_type=\"icon-box.default\">\n\t\t\t\t<div class=\"elementor-widget-container\">\n\t\t\t\t\t<div class=\"elementor-icon-box-wrapper\">\n\t\t\t\t\t\t<div class=\"elementor-icon-box-icon\">\n\t\t\t\t<span class=\"elementor-icon elementor-animation-\" >\n\t\t\t\t<i aria-hidden=\"true\" class=\"far fa-envelope\"><\/i>\t\t\t\t<\/span>\n\t\t\t<\/div>\n\t\t\t\t\t\t<div class=\"elementor-icon-box-content\">\n\t\t\t\t<h3 class=\"elementor-icon-box-title\">\n\t\t\t\t\t<span >contato@situmcapital.com<\/span>\n\t\t\t\t<\/h3>\n\t\t\t\t\t\t\t<\/div>\n\t\t<\/div>\n\t\t\t\t<\/div>\n\t\t\t\t<\/div>\n\t\t\t\t<div class=\"elementor-element elementor-element-5d477ff elementor-position-left elementor-view-default elementor-vertical-align-top elementor-widget elementor-widget-icon-box\" data-id=\"5d477ff\" data-element_type=\"widget\" data-settings=\"{&quot;ekit_we_effect_on&quot;:&quot;none&quot;}\" data-widget_type=\"icon-box.default\">\n\t\t\t\t<div class=\"elementor-widget-container\">\n\t\t\t\t\t<div class=\"elementor-icon-box-wrapper\">\n\t\t\t\t\t\t<div class=\"elementor-icon-box-icon\">\n\t\t\t\t<span class=\"elementor-icon elementor-animation-\" >\n\t\t\t\t<i aria-hidden=\"true\" class=\"fab fa-whatsapp\"><\/i>\t\t\t\t<\/span>\n\t\t\t<\/div>\n\t\t\t\t\t\t<div class=\"elementor-icon-box-content\">\n\t\t\t\t<h3 class=\"elementor-icon-box-title\">\n\t\t\t\t\t<span >(31) 9 9749-1018<\/span>\n\t\t\t\t<\/h3>\n\t\t\t\t\t\t\t<\/div>\n\t\t<\/div>\n\t\t\t\t<\/div>\n\t\t\t\t<\/div>\n\t\t\t\t<div class=\"elementor-element elementor-element-81b8a62 elementor-widget elementor-widget-image\" data-id=\"81b8a62\" data-element_type=\"widget\" data-settings=\"{&quot;ekit_we_effect_on&quot;:&quot;none&quot;}\" data-widget_type=\"image.default\">\n\t\t\t\t<div class=\"elementor-widget-container\">\n\t\t\t\t\t<div class=\"elementor-image\">\n\t\t\t\t\t\t\t\t\t\t<img width=\"860\" height=\"155\" src=\"https:\/\/situmcapital.com\/wp-content\/uploads\/2021\/01\/Powered_Black_Horizontal-1.png\" class=\"attachment-large size-large\" alt=\"\" loading=\"lazy\" srcset=\"https:\/\/situmcapital.com\/wp-content\/uploads\/2021\/01\/Powered_Black_Horizontal-1.png 860w, https:\/\/situmcapital.com\/wp-content\/uploads\/2021\/01\/Powered_Black_Horizontal-1-300x54.png 300w, https:\/\/situmcapital.com\/wp-content\/uploads\/2021\/01\/Powered_Black_Horizontal-1-768x138.png 768w\" sizes=\"(max-width: 860px) 100vw, 860px\" \/>\t\t\t\t\t\t\t\t\t\t\t<\/div>\n\t\t\t\t<\/div>\n\t\t\t\t<\/div>\n\t\t\t\t\t\t<\/div>\n\t\t\t\t\t<\/div>\n\t\t<\/div>\n\t\t\t\t\t\t\t\t<\/div>\n\t\t\t\t\t<\/div>\n\t\t<\/section>\n\t\t\t\t\t\t<\/div>\n\t\t\t\t\t\t<\/div>\n\t\t\t\t\t<\/div>\n\t\t","protected":false},"excerpt":{"rendered":"<p>Portabilidade Portabilidade: como funciona? Sabemos que \u00e9 mais pr\u00e1tico colocar todos os investimentos na mesma plataforma, afinal, ajuda na gest\u00e3o de ativos e no relacionamento com os corretores. Tendo esse objetivo em mente, saiba que mesmo que seus ativos ainda estejam sob a cust\u00f3dia de outros bancos e corretoras, voc\u00ea pode transplant\u00e1-los para c\u00e1 sem [&hellip;]<\/p>\n","protected":false},"author":1,"featured_media":0,"parent":0,"menu_order":0,"comment_status":"closed","ping_status":"closed","template":"elementor_header_footer","meta":[],"_links":{"self":[{"href":"https:\/\/situmcapital.com\/index.php\/wp-json\/wp\/v2\/pages\/187"}],"collection":[{"href":"https:\/\/situmcapital.com\/index.php\/wp-json\/wp\/v2\/pages"}],"about":[{"href":"https:\/\/situmcapital.com\/index.php\/wp-json\/wp\/v2\/types\/page"}],"author":[{"embeddable":true,"href":"https:\/\/situmcapital.com\/index.php\/wp-json\/wp\/v2\/users\/1"}],"replies":[{"embeddable":true,"href":"https:\/\/situmcapital.com\/index.php\/wp-json\/wp\/v2\/comments?post=187"}],"version-history":[{"count":10,"href":"https:\/\/situmcapital.com\/index.php\/wp-json\/wp\/v2\/pages\/187\/revisions"}],"predecessor-version":[{"id":308,"href":"https:\/\/situmcapital.com\/index.php\/wp-json\/wp\/v2\/pages\/187\/revisions\/308"}],"wp:attachment":[{"href":"https:\/\/situmcapital.com\/index.php\/wp-json\/wp\/v2\/media?parent=187"}],"curies":[{"name":"wp","href":"https:\/\/api.w.org\/{rel}","templated":true}]}}